{"id":14,"date":"2020-04-29T09:53:55","date_gmt":"2020-04-29T09:53:55","guid":{"rendered":"https:\/\/www.vs-waldthurn.de\/home\/?page_id=14"},"modified":"2024-12-11T09:11:13","modified_gmt":"2024-12-11T09:11:13","slug":"leitbild","status":"publish","type":"page","link":"https:\/\/www.vs-waldthurn.de\/home\/leitbild","title":{"rendered":"Leitbild"},"content":{"rendered":"<div data-id='initial-content-section' data-export-id='initial-content-section' data-label='Initial Content' id='initial-content-section' class='content-section content-section-spacing'>\n<div class='gridContainer'>\n<div class='row'>\n<div class='col-xs-12 col-sm-12'>\n<p>\n\n<div class=\"wp-block-image animated slideInDown slower\">\n<figure class=\"aligncenter size-medium\"><img loading=\"lazy\" decoding=\"async\" width=\"300\" height=\"200\" src=\"https:\/\/www.vs-waldthurn.de\/wp-content\/uploads\/2020\/04\/Leitbild-300x200.jpg\" alt=\"\" class=\"wp-image-58\" srcset=\"https:\/\/www.vs-waldthurn.de\/wp-content\/uploads\/2020\/04\/Leitbild-300x200.jpg 300w, https:\/\/www.vs-waldthurn.de\/wp-content\/uploads\/2020\/04\/Leitbild-1024x683.jpg 1024w, https:\/\/www.vs-waldthurn.de\/wp-content\/uploads\/2020\/04\/Leitbild-768x512.jpg 768w, https:\/\/www.vs-waldthurn.de\/wp-content\/uploads\/2020\/04\/Leitbild-405x270.jpg 405w, https:\/\/www.vs-waldthurn.de\/wp-content\/uploads\/2020\/04\/Leitbild.jpg 1386w\" sizes=\"auto, (max-width: 300px) 100vw, 300px\" \/><\/figure>\n<\/div>\n\n<p>\u00a0<\/p>\n<p class=\"has-text-align-center\">Sch\u00fcler, Lehrer und Eltern arbeiten an unserer Schule zusammen. Pflichtbewusstsein, Anstrengungsbereitschaft, Flei\u00df, Aufrichtigkeit, Hilfs-bereitschaft, Verl\u00e4sslichkeit, H\u00f6flichkeit und Anstand sind Tugenden, mit denen wir die Zielsetzungen unseres Leitbilds verwirklichen wollen.<\/p>\n<p>\u00a0<\/p>\n<p class=\"has-text-align-center\">Gemeinsam wollen wir unser Leitbild gestalten und verwirklichen, das unter dem Motto steht:<\/p>\n<p>\u00a0<\/p>\n<p class=\"has-text-align-center\"><strong>Schule miteinander (er)leben<\/strong><\/p>\n<p class=\"has-text-align-center\">Einsatz \u2013 Erfolg \u2013 Freude<\/p>\n<p class=\"has-text-align-center\">An unserer Schule legen wir Wert<br \/>auf ein angenehmes Schulklima und ein freundliches und faires Miteinander.<\/p>\n<p>\u00a0<\/p>\n<p class=\"has-text-align-center\"><strong>Wir sind eine Schule<\/strong><\/p>\n<p>\u2022 an der jeder Verantwortung f\u00fcr sich sowie Mitverantwortung und Mitgestaltung f\u00fcr die Gemeinschaft \u00fcbernimmt<br \/>\u2022 an der ein jeder Respekt vor anderen und deren Schaffen hat<br \/>\u2022 an der ein zeitgem\u00e4\u00dfer Unterricht erfolgt, der sowohl Bildung als auch Erziehung in einer angenehmen Atmosph\u00e4re verwirklicht<br \/>\u2022 die die Sch\u00fcler zu einer verantwortungsbewussten Lebensgestaltung hinf\u00fchrt<br \/>\u2022 an der die Sch\u00fcler gewisse Grundhaltungen haben und in der Lage sind, Regeln einzuhalten<br \/>\u2022 an der von Sch\u00fclern nach dem Motto: \u201eFordern statt Verw\u00f6hnen\u201c Leistung eingefordert wird<br \/>\u2022 an der die Eltern bereit sind Verantwortung zu \u00fcbernehmen und das Schulleben mit ihrem Engagement zu bereichern.<\/p>\n<p>\u00a0<\/p>\n<p class=\"has-text-align-center\">Wir wollen, dass jeder Verantwortung f\u00fcr unsere Umwelt \u00fcbernimmt.<\/p>\n\n\n<p><\/p>\n","protected":false},"excerpt":{"rendered":"<p>\u00a0 Sch\u00fcler, Lehrer und Eltern arbeiten an unserer Schule zusammen. Pflichtbewusstsein, Anstrengungsbereitschaft, Flei\u00df, Aufrichtigkeit, Hilfs-bereitschaft, Verl\u00e4sslichkeit, H\u00f6flichkeit und Anstand sind Tugenden, mit denen wir die Zielsetzungen unseres Leitbilds verwirklichen wollen. \u00a0 Gemeinsam wollen wir unser Leitbild gestalten und verwirklichen, das unter dem Motto steht: \u00a0 Schule miteinander (er)leben Einsatz \u2013 Erfolg \u2013 Freude An unserer&hellip; <br \/> <a class=\"read-more\" href=\"https:\/\/www.vs-waldthurn.de\/home\/leitbild\">Read more<\/a><\/p>\n","protected":false},"author":1,"featured_media":0,"parent":0,"menu_order":0,"comment_status":"closed","ping_status":"closed","template":"pro\/page-templates\/full-width-page.php","meta":{"footnotes":""},"class_list":["post-14","page","type-page","status-publish","hentry"],"_links":{"self":[{"href":"https:\/\/www.vs-waldthurn.de\/home\/wp-json\/wp\/v2\/pages\/14","targetHints":{"allow":["GET"]}}],"collection":[{"href":"https:\/\/www.vs-waldthurn.de\/home\/wp-json\/wp\/v2\/pages"}],"about":[{"href":"https:\/\/www.vs-waldthurn.de\/home\/wp-json\/wp\/v2\/types\/page"}],"author":[{"embeddable":true,"href":"https:\/\/www.vs-waldthurn.de\/home\/wp-json\/wp\/v2\/users\/1"}],"replies":[{"embeddable":true,"href":"https:\/\/www.vs-waldthurn.de\/home\/wp-json\/wp\/v2\/comments?post=14"}],"version-history":[{"count":12,"href":"https:\/\/www.vs-waldthurn.de\/home\/wp-json\/wp\/v2\/pages\/14\/revisions"}],"predecessor-version":[{"id":1401,"href":"https:\/\/www.vs-waldthurn.de\/home\/wp-json\/wp\/v2\/pages\/14\/revisions\/1401"}],"wp:attachment":[{"href":"https:\/\/www.vs-waldthurn.de\/home\/wp-json\/wp\/v2\/media?parent=14"}],"curies":[{"name":"wp","href":"https:\/\/api.w.org\/{rel}","templated":true}]}}